{"id":302,"date":"2018-08-02T12:49:33","date_gmt":"2018-08-02T17:49:33","guid":{"rendered":"https:\/\/bufetefarell.com\/?page_id=302"},"modified":"2018-08-02T12:53:33","modified_gmt":"2018-08-02T17:53:33","slug":"aviso-de-privacidad","status":"publish","type":"page","link":"https:\/\/bufetefarell.com\/index.php\/aviso-de-privacidad\/","title":{"rendered":"Aviso de Privacidad"},"content":{"rendered":"<p>&nbsp;<\/p>\n<p>&nbsp;<\/p>\n<p>&nbsp;<\/p>\n<p>&nbsp;<\/p>\n<p>De conformidad a lo ordenado por los art\u00edculos 8, 15, 16, 17, 18 y 36 de la Ley Federal de Protecci\u00f3n de Datos\u00a0 Personales en Posesi\u00f3n de Particulares, se le hace conocedor y se le extiende el siguiente:<\/p>\n<p><strong><u>AVISO DE PRIVACIDAD<\/u><\/strong><\/p>\n<p>Este aviso de privacidad forma parte del sitio<strong>\u00a0<a href=\"https:\/\/bufetefarell.com\">www.bufetefarell.com<\/a> <\/strong>Sus datos personales ser\u00e1n tratados por<strong> Bufete Farell, S.C. <\/strong>Nuestro responsable de protecci\u00f3n de datos es el Lic. Luis Jorge Castro Trejo y se ubica en el mismo domicilio, usted podr\u00e1 contactarlo en el correo electr\u00f3nico:\u00a0<a href=\"mailto:bpineda@bufetefarell.com\">bpineda@bufetefarell.com<\/a><\/p>\n<p><strong>\u00bfQu\u00e9 datos personales recabamos de\u00a0usted?<\/strong><\/p>\n<p>Como cliente de nuestra Firma y, para la prestaci\u00f3n de \u00a0alguno de nuestros servicios profesionales, le podemos llegar a solicitar informaci\u00f3n personal, que puede variar seg\u00fan el caso, tal como:<\/p>\n<ul>\n<li>Su nombre, direcci\u00f3n, fecha de nacimiento.<\/li>\n<li>Su correo electr\u00f3nico y n\u00famero telef\u00f3nico.<\/li>\n<li>Sus datos patrimoniales como cuentas bancarias, cr\u00e9ditos, bienes muebles e inmuebles, activos, pasivos,\u00a0entre otros.<\/li>\n<\/ul>\n<ul>\n<li>Informaci\u00f3n sobre su c\u00f3nyuge, herederos, legatarios y beneficiarios.<\/li>\n<li>Informaci\u00f3n sobre algunas de sus operaciones civiles y\/o comerciales.<\/li>\n<li>Comprobantes oficiales que acrediten su identidad y la informaci\u00f3n que Usted declara.<\/li>\n<\/ul>\n<p><strong>\u00bfPara qu\u00e9 usamos sus datos\u00a0personales?<\/strong><\/p>\n<p>Esta Firma de abogados puede llegar a recabar y usar sus datos personales para el cumplimiento de las siguientes finalidades:<\/p>\n<ul>\n<li>Confirmar su identidad.<\/li>\n<li>Entender y atender las necesidades de car\u00e1cter legal en la atenci\u00f3n y patrocinio de los diversos juicios.<\/li>\n<li>Elaboraci\u00f3n de contratos, convenios y dem\u00e1s instrumentos jur\u00eddicos que le sean necesarios a nuestros clientes.<\/li>\n<li>Brindarle asesor\u00eda y\/o defensa legal.<\/li>\n<li>Cumplir con los requerimientos legales que le sean aplicables.<\/li>\n<\/ul>\n<p><strong>\u00bfCon qui\u00e9n compartimos su informaci\u00f3n y para qu\u00e9 fines?<\/strong><\/p>\n<p>Sus datos personales s\u00f3lo son tratados por el personal adscrito a esta \u00a0Firma a efecto de elaborar los instrumentos legales que nuestros clientes nos encomiendan, o que resultan necesarios para la protecci\u00f3n de sus intereses, por lo cual, sus datos personales no se transfieren a ning\u00fan tercero ajeno a este despacho, salvo el caso de que se tenga que dar cumplimiento a alguna obligaci\u00f3n legal ante las autoridades jurisdiccionales y\/o administrativas.<\/p>\n<p><strong>\u00bfC\u00f3mo puede limitar el uso o divulgaci\u00f3n de su informaci\u00f3n\u00a0personal?<\/strong><\/p>\n<p>Nuestros clientes pueden limitar el uso y divulgaci\u00f3n de su informaci\u00f3n personal a trav\u00e9s de los siguientes medios que hemos\u00a0instrumentado:<\/p>\n<ul>\n<li>Presentaci\u00f3n de solicitud por escrito en nuestro domicilio dirigida al \u00a0Lic. Luis Jorge Castro Trejo, quien se encarga de administrar y manejar la \u00a0privacidad y distribuci\u00f3n de ese tipo de informaci\u00f3n.<\/li>\n<li>Env\u00edo de correo electr\u00f3nico a la siguiente direcci\u00f3n electr\u00f3nica:\u00a0<a href=\"mailto:bpineda@bufetefarell.com\">bpineda@bufetefarell.com<\/a><\/li>\n<li>Llamada al n\u00famero telef\u00f3nico 52 50 50 66, con atenci\u00f3n al Lic. Luis Jorge Castro Trejo.<\/li>\n<\/ul>\n<p><strong>\u00bfC\u00f3mo acceder, rectificar, cancelar u\u00a0 oponerse al tratamiento de sus datos\u00a0personales?<\/strong><\/p>\n<p>El presente aviso de privacidad puede sufrir modificaciones, cambios o actualizaciones por lo cual nos comprometemos a mantenerlo informado de tal situaci\u00f3n a trav\u00e9s de alguno de los siguientes medios:<\/p>\n<ul>\n<li>Nuestra p\u00e1gina de Internet\u00a0<a href=\"https:\/\/bufetefarell.com\">www.bufetefarell.com<\/a><\/li>\n<li>Notificaci\u00f3n en el correo electr\u00f3nico de nuestros clientes.<\/li>\n<li>En la primera comunicaci\u00f3n que tengamos con usted despu\u00e9s del cambio.<\/li>\n<\/ul>\n<p><strong>\u00bfC\u00f3mo contactarnos?<\/strong><\/p>\n<p>Si usted tiene alguna duda sobre el presente aviso de privacidad, puede dirigirla a:<\/p>\n<ul>\n<li>La direcci\u00f3n electr\u00f3nica\u00a0<a href=\"mailto:bpineda@bufetefarell.com\">bpineda@bufetefarell.com<\/a><\/li>\n<li>Al tel\u00e9fono 52 50 50 66.<\/li>\n<\/ul>\n<p>Asimismo, ponemos a su entera disposici\u00f3n copias del presente aviso de privacidad en nuestro domicilio y en nuestra\u00a0p\u00e1gina de Internet:\u00a0<a href=\"https:\/\/bufetefarell.com\">www.bufetefarell.com<\/a>\u00a0secci\u00f3n \u201cAviso de Privacidad\u201d.<\/p>\n<p><strong>\u00bfQu\u00e9 son los cookies y c\u00f3mo se utilizan?<\/strong><\/p>\n<p>Las cookies son peque\u00f1as piezas de informaci\u00f3n que son enviadas por el sitio Web a su navegador y se almacenan en el disco duro de su equipo y se utilizan para determinar sus preferencias cuando se conecta a los servicios de nuestros sitios, as\u00ed como para rastrear determinados comportamientos o actividades llevadas a cabo por usted dentro de nuestros sitios.<\/p>\n<p>Si el usuario quisiera deshabilitar las cookies, deber\u00e1 hacerlo directamente en su explorador de internet.<\/p>\n<p><strong>Actualizaciones del aviso de\u00a0privacidad<\/strong><\/p>\n<p>\u00daltima revisi\u00f3n: agosto de 2018.<\/p>\n","protected":false},"excerpt":{"rendered":"<p>&nbsp; &nbsp; &nbsp; &nbsp; De conformidad a lo ordenado por los art\u00edculos 8, 15, 16, 17, 18 y 36 de la Ley Federal de Protecci\u00f3n de Datos\u00a0 Personales en Posesi\u00f3n de Particulares, se le hace conocedor y se le extiende el siguiente: AVISO DE PRIVACIDAD Este aviso de privacidad forma parte del sitio\u00a0www.bufetefarell.com Sus datos&hellip;<\/p>\n","protected":false},"author":2,"featured_media":0,"parent":0,"menu_order":0,"comment_status":"closed","ping_status":"closed","template":"","meta":{"_acf_changed":false,"inline_featured_image":false,"footnotes":""},"class_list":["post-302","page","type-page","status-publish","hentry"],"acf":[],"_links":{"self":[{"href":"https:\/\/bufetefarell.com\/index.php\/wp-json\/wp\/v2\/pages\/302","targetHints":{"allow":["GET"]}}],"collection":[{"href":"https:\/\/bufetefarell.com\/index.php\/wp-json\/wp\/v2\/pages"}],"about":[{"href":"https:\/\/bufetefarell.com\/index.php\/wp-json\/wp\/v2\/types\/page"}],"author":[{"embeddable":true,"href":"https:\/\/bufetefarell.com\/index.php\/wp-json\/wp\/v2\/users\/2"}],"replies":[{"embeddable":true,"href":"https:\/\/bufetefarell.com\/index.php\/wp-json\/wp\/v2\/comments?post=302"}],"version-history":[{"count":2,"href":"https:\/\/bufetefarell.com\/index.php\/wp-json\/wp\/v2\/pages\/302\/revisions"}],"predecessor-version":[{"id":305,"href":"https:\/\/bufetefarell.com\/index.php\/wp-json\/wp\/v2\/pages\/302\/revisions\/305"}],"wp:attachment":[{"href":"https:\/\/bufetefarell.com\/index.php\/wp-json\/wp\/v2\/media?parent=302"}],"curies":[{"name":"wp","href":"https:\/\/api.w.org\/{rel}","templated":true}]}}