{"id":9,"date":"2018-07-04T01:19:03","date_gmt":"2018-07-04T01:19:03","guid":{"rendered":"https:\/\/bufetefarell.com\/?page_id=9"},"modified":"2019-10-04T21:52:05","modified_gmt":"2019-10-05T02:52:05","slug":"bufete-farrell","status":"publish","type":"page","link":"https:\/\/bufetefarell.com\/","title":{"rendered":"Bufete Farell"},"content":{"rendered":"<section class=\"wpb-content-wrapper\"><p>[vc_section full_width=&#8221;stretch_row&#8221; full_height=&#8221;yes&#8221; content_placement=&#8221;middle&#8221; css_animation=&#8221;fadeIn&#8221; css=&#8221;.vc_custom_1530836351379{padding-top: 0px !important;padding-bottom: 0px !important;background-image: url(https:\/\/bufetefarell.com\/wp-content\/uploads\/2018\/07\/oficina_bufette_farrell.jpg?id=105) !important;background-position: center !important;background-repeat: no-repeat !important;background-size: cover !important;}&#8221;][vc_row equal_height=&#8221;yes&#8221; content_placement=&#8221;middle&#8221; css=&#8221;.vc_custom_1530839702043{padding-top: 20% !important;padding-bottom: 20% !important;}&#8221;][vc_column][vc_column_text css_animation=&#8221;fadeIn&#8221;]<\/p>\n<h1 class=\"p1\" style=\"text-align: center;\">Bufete Farell<\/h1>\n<p>[\/vc_column_text][vc_separator color=&#8221;custom&#8221; el_width=&#8221;10&#8243; accent_color=&#8221;#ceaf00&#8243;][vc_row_inner][vc_column_inner width=&#8221;1\/6&#8243; offset=&#8221;vc_hidden-xs&#8221;][\/vc_column_inner][vc_column_inner width=&#8221;2\/3&#8243; css=&#8221;.vc_custom_1531173207325{padding-right: 2% !important;padding-left: 2% !important;}&#8221;][vc_custom_heading text=&#8221;Una de las mejores y m\u00e1s prestigiosas firmas de litigio en M\u00e9xico desde 1949.&#8221; font_container=&#8221;tag:p|font_size:1.5em|text_align:center|color:%23ffffff|line_height:2.3em&#8221; google_fonts=&#8221;font_family:Fauna%20One%3Aregular|font_style:400%20regular%3A400%3Anormal&#8221; css_animation=&#8221;fadeInUp&#8221;][\/vc_column_inner][vc_column_inner width=&#8221;1\/6&#8243;][\/vc_column_inner][\/vc_row_inner][\/vc_column][\/vc_row][\/vc_section][vc_section full_width=&#8221;stretch_row&#8221; content_placement=&#8221;middle&#8221; css=&#8221;.vc_custom_1531065595945{margin-top: 80px !important;margin-bottom: 80px !important;padding-top: 0px !important;padding-bottom: 0px !important;}&#8221;][vc_row equal_height=&#8221;yes&#8221; content_placement=&#8221;middle&#8221; css=&#8221;.vc_custom_1530732020560{padding-top: 10% !important;padding-bottom: 10% !important;}&#8221;][vc_column][vc_row_inner equal_height=&#8221;yes&#8221; content_placement=&#8221;top&#8221;][vc_column_inner width=&#8221;1\/2&#8243;][vc_custom_heading text=&#8221;70 A\u00f1os de experiencia en disputas de alto perfil.&#8221; font_container=&#8221;tag:h2|font_size:3.5em|text_align:left|color:%23ceaf00|line_height:1.5em&#8221; google_fonts=&#8221;font_family:Playfair%20Display%3Aregular%2Citalic%2C700%2C700italic%2C900%2C900italic|font_style:400%20regular%3A400%3Anormal&#8221; css_animation=&#8221;fadeIn&#8221;][vc_separator color=&#8221;custom&#8221; align=&#8221;align_left&#8221; el_width=&#8221;10&#8243; accent_color=&#8221;#ceaf00&#8243; css=&#8221;.vc_custom_1531067439191{margin-top: 40px !important;}&#8221;][\/vc_column_inner][vc_column_inner width=&#8221;1\/2&#8243;][vc_column_text]<\/p>\n<p>Fundado en 1949 por el licenciado Arsenio Farell Cubillas, en compa\u00f1\u00eda de Ra\u00fal Paz y Puente, Rafael Peralta Rosas y Cecilio Garza Garc\u00eda, BUFETE FARELL, S.C. ha destacado como uno de los mejores despachos de litigio del pa\u00eds y goza -desde sus or\u00edgenes- de una destacada reputaci\u00f3n a nivel nacional e internacional, gracias a su excelencia en disputas de alto perfil.<\/p>\n<p>El licenciado Arsenio Farell Cubillas, adem\u00e1s de su experiencia al frente de la firma, obtuvo las m\u00e1s altas calificaciones en la carrera de Derecho de su generaci\u00f3n, fue maestro de la Facultad de Derecho de la Universidad Aut\u00f3noma de M\u00e9xico y abogado litigante hasta 1973, a\u00f1o en el que en que abandon\u00f3 el litigio para incorporarse al servicio p\u00fablico hasta el 2000, cuando se reintegr\u00f3 a esta oficina jur\u00eddica.<\/p>\n<p>[\/vc_column_text][\/vc_column_inner][\/vc_row_inner][\/vc_column][\/vc_row][\/vc_section][vc_section full_width=&#8221;stretch_row&#8221; content_placement=&#8221;middle&#8221; css=&#8221;.vc_custom_1531065614999{margin-top: 80px !important;margin-bottom: 80px !important;padding-top: 0px !important;padding-bottom: 0px !important;}&#8221;][vc_row equal_height=&#8221;yes&#8221; content_placement=&#8221;middle&#8221; css=&#8221;.vc_custom_1530732069611{padding-top: 10% !important;padding-bottom: 10% !important;}&#8221; el_id=&#8221;socios&#8221;][vc_column][vc_column_text css_animation=&#8221;fadeIn&#8221; css=&#8221;.vc_custom_1531065993172{margin-bottom: 0px !important;}&#8221;]<\/p>\n<h2 style=\"text-align: center;\">Socios<\/h2>\n<p>[\/vc_column_text][vc_separator color=&#8221;custom&#8221; el_width=&#8221;10&#8243; css_animation=&#8221;fadeIn&#8221; accent_color=&#8221;#ceaf00&#8243; css=&#8221;.vc_custom_1531066411342{margin-top: 16px !important;margin-bottom: 48px !important;}&#8221;][vc_row_inner][vc_column_inner width=&#8221;1\/2&#8243;][vc_single_image image=&#8221;155&#8243; img_size=&#8221;full&#8221; alignment=&#8221;center&#8221; css_animation=&#8221;fadeIn&#8221;][vc_column_text css=&#8221;.vc_custom_1531171682840{margin-bottom: 0px !important;}&#8221;]<\/p>\n<h3 class=\"p2\">Arsenio Farell Campa<\/h3>\n<p>[\/vc_column_text][vc_separator color=&#8221;custom&#8221; align=&#8221;align_left&#8221; el_width=&#8221;10&#8243; accent_color=&#8221;#ceaf00&#8243; css=&#8221;.vc_custom_1531066559482{margin-top: 8px !important;margin-bottom: 24px !important;}&#8221;][vc_column_text]El licenciado Arsenio Farell Campa naci\u00f3 el 29 de octubre de 1952, en la Ciudad de M\u00e9xico. Estudi\u00f3 la carrera de Derecho en la Universidad Iberoamericana y se recibi\u00f3 como abogado el 4 de abril de 1978. Sus principales \u00e1reas de pr\u00e1ctica son: Derecho Civil, Derecho Mercantil, Derecho Administrativo, Derecho Familiar y Juicio de Amparo.[\/vc_column_text][\/vc_column_inner][vc_column_inner width=&#8221;1\/2&#8243;][vc_single_image image=&#8221;282&#8243; img_size=&#8221;full&#8221; alignment=&#8221;center&#8221; css_animation=&#8221;fadeIn&#8221;][vc_column_text css=&#8221;.vc_custom_1531066540939{margin-bottom: 0px !important;}&#8221;]<\/p>\n<h3 class=\"p1\">Luis Jorge Castro Trejo<\/h3>\n<p>[\/vc_column_text][vc_separator color=&#8221;custom&#8221; align=&#8221;align_left&#8221; el_width=&#8221;10&#8243; accent_color=&#8221;#ceaf00&#8243; css=&#8221;.vc_custom_1531066559482{margin-top: 8px !important;margin-bottom: 24px !important;}&#8221;][vc_column_text]El licenciado Luis Jorge Castro Trejo naci\u00f3 el 16 de agosto de 1949 en Ixtepec, Oaxaca. Estudi\u00f3 la carrera de Derecho en la Escuela Libre de Derecho y se recibi\u00f3 como abogado el 27 de Abril de 1979. Sus principales \u00e1reas de pr\u00e1ctica son: Derecho Civil, Derecho Mercantil, Derecho Administrativo, Derecho Familiar y Juicio de Amparo.[\/vc_column_text][\/vc_column_inner][\/vc_row_inner][\/vc_column][\/vc_row][\/vc_section][vc_section full_width=&#8221;stretch_row&#8221; content_placement=&#8221;middle&#8221; css=&#8221;.vc_custom_1531065624289{margin-top: 80px !important;margin-bottom: 80px !important;padding-top: 0px !important;padding-bottom: 0px !important;}&#8221;][vc_row equal_height=&#8221;yes&#8221; content_placement=&#8221;middle&#8221; css=&#8221;.vc_custom_1531250594912{padding-top: 8% !important;padding-bottom: 8% !important;}&#8221; el_id=&#8221;asociados&#8221;][vc_column][vc_column_text css_animation=&#8221;fadeIn&#8221; css=&#8221;.vc_custom_1531183991295{margin-bottom: 0px !important;}&#8221;]<\/p>\n<h2 class=\"p1\" style=\"text-align: center;\">Asociados<\/h2>\n<p>[\/vc_column_text][vc_separator color=&#8221;custom&#8221; el_width=&#8221;10&#8243; accent_color=&#8221;#ceaf00&#8243; css=&#8221;.vc_custom_1531183996207{margin-top: 16px !important;margin-bottom: 48px !important;}&#8221;][vc_row_inner container_type=&#8221;fluid&#8221; equal_height=&#8221;yes&#8221; content_placement=&#8221;top&#8221; css=&#8221;.vc_custom_1531172827509{margin-bottom: 48px !important;}&#8221;][vc_column_inner width=&#8221;1\/2&#8243;][vc_column_text]Con conocimiento de tratados y convenciones internacionales, as\u00ed como un amplio dominio de las leyes locales, el equipo de litigantes de Bufete Farell ha obtenido numerosas resoluciones judiciales a favor de nuestros clientes.[\/vc_column_text][\/vc_column_inner][vc_column_inner width=&#8221;1\/2&#8243;][vc_column_text]Los recursos, experiencia, conocimientos y versatilidad de Bufete Farell han derivado en la obtenci\u00f3n de sentencias hist\u00f3ricas, por ser en ocasiones las primeras en su tipo, d\u00e1ndonos la oportunidad de sentar precedentes jur\u00eddicos.<\/p>\n<p>Conoce a nuestros abogados:[\/vc_column_text][\/vc_column_inner][\/vc_row_inner][vc_row_inner equal_height=&#8221;yes&#8221; content_placement=&#8221;top&#8221;][vc_column_inner width=&#8221;1\/4&#8243; offset=&#8221;vc_col-lg-3 vc_col-md-3 vc_col-xs-6&#8243;][vc_single_image image=&#8221;119&#8243; img_size=&#8221;full&#8221; alignment=&#8221;center&#8221; css_animation=&#8221;fadeIn&#8221;][vc_column_text css=&#8221;.vc_custom_1531429109895{margin-top: 32px !important;margin-bottom: 0px !important;}&#8221;]<\/p>\n<h3>Carmen de la Cabada Aguilar<\/h3>\n<p>[\/vc_column_text][vc_column_text css=&#8221;.vc_custom_1531427654793{margin-top: 0px !important;margin-bottom: 8px !important;}&#8221;]Escuela Libre de Derecho[\/vc_column_text][vc_separator color=&#8221;custom&#8221; align=&#8221;align_left&#8221; el_width=&#8221;10&#8243; accent_color=&#8221;#ceaf00&#8243; css=&#8221;.vc_custom_1531427451916{margin-top: 8px !important;}&#8221;][vc_column_text css=&#8221;.vc_custom_1531498128638{margin-top: 24px !important;margin-bottom: 0px !important;}&#8221;]\u00c1reas de pr\u00e1ctica:<br \/>\nCivil, Familiar, Mercantil y Amparo.[\/vc_column_text][vc_column_text css=&#8221;.vc_custom_1531182107779{margin-top: 24px !important;}&#8221;]<\/p>\n<p class=\"p1\"><a href=\"mailto:cca@bufetefarell.com\">cca@bufetefarell.com<\/a><\/p>\n<p>[\/vc_column_text][\/vc_column_inner][vc_column_inner width=&#8221;1\/4&#8243; offset=&#8221;vc_col-lg-3 vc_col-md-3 vc_col-xs-6&#8243;][vc_single_image image=&#8221;121&#8243; img_size=&#8221;full&#8221; alignment=&#8221;center&#8221; css_animation=&#8221;fadeIn&#8221;][vc_column_text css=&#8221;.vc_custom_1531182050451{margin-top: 32px !important;margin-bottom: 0px !important;}&#8221;]<\/p>\n<h3>Manuel Moreno<br \/>\nHern\u00e1ndez<\/h3>\n<p>[\/vc_column_text][vc_column_text css=&#8221;.vc_custom_1531427680725{margin-top: 0px !important;margin-bottom: 8px !important;}&#8221;]UNAM[\/vc_column_text][vc_separator color=&#8221;custom&#8221; align=&#8221;align_left&#8221; el_width=&#8221;10&#8243; accent_color=&#8221;#ceaf00&#8243; css=&#8221;.vc_custom_1531066110153{margin-top: 8px !important;}&#8221;][vc_column_text css=&#8221;.vc_custom_1531498134674{margin-top: 24px !important;margin-bottom: 0px !important;}&#8221;]\u00c1reas de pr\u00e1ctica:<br \/>\nCivil y Mercantil.[\/vc_column_text][vc_column_text css=&#8221;.vc_custom_1531182113489{margin-top: 24px !important;margin-right: 0px !important;margin-bottom: 0px !important;margin-left: 0px !important;padding-top: 0px !important;padding-right: 0px !important;padding-bottom: 0px !important;padding-left: 0px !important;}&#8221;]<a href=\"mailto:mmoreno@bufetefarell.com\">mmoreno@bufetefarell.com<\/a>[\/vc_column_text][\/vc_column_inner][vc_column_inner width=&#8221;1\/4&#8243; offset=&#8221;vc_col-lg-3 vc_col-md-3 vc_col-xs-6&#8243;][vc_single_image image=&#8221;122&#8243; img_size=&#8221;full&#8221; alignment=&#8221;center&#8221; css_animation=&#8221;fadeIn&#8221; css=&#8221;.vc_custom_1531175684627{margin-bottom: 0px !important;}&#8221;][vc_column_text css=&#8221;.vc_custom_1531183809971{margin-top: 32px !important;margin-bottom: 0px !important;}&#8221;]<\/p>\n<h3>Ricardo Fern\u00e1ndez<br \/>\nVelasco<\/h3>\n<p>[\/vc_column_text][vc_column_text css=&#8221;.vc_custom_1531427680725{margin-top: 0px !important;margin-bottom: 8px !important;}&#8221;]UNAM[\/vc_column_text][vc_separator color=&#8221;custom&#8221; align=&#8221;align_left&#8221; el_width=&#8221;10&#8243; accent_color=&#8221;#ceaf00&#8243; css=&#8221;.vc_custom_1531066110153{margin-top: 8px !important;}&#8221;][vc_column_text css=&#8221;.vc_custom_1531498140987{margin-top: 24px !important;margin-bottom: 0px !important;}&#8221;]\u00c1reas de pr\u00e1ctica:<br \/>\nCivil, Familiar y Amparo.[\/vc_column_text][vc_column_text css=&#8221;.vc_custom_1531182132746{margin-top: 24px !important;margin-right: 0px !important;margin-bottom: 0px !important;margin-left: 0px !important;padding-top: 0px !important;padding-right: 0px !important;padding-bottom: 0px !important;padding-left: 0px !important;}&#8221;]<\/p>\n<p class=\"p1\"><a href=\"mailto:rfernandez@bufetefarell.com\">rfernandez@bufetefarell.com<\/a><\/p>\n<p>[\/vc_column_text][\/vc_column_inner][vc_column_inner width=&#8221;1\/4&#8243; offset=&#8221;vc_col-lg-3 vc_col-md-3 vc_col-xs-6&#8243;][vc_single_image image=&#8221;120&#8243; img_size=&#8221;full&#8221; alignment=&#8221;center&#8221; css_animation=&#8221;fadeIn&#8221;][vc_column_text css=&#8221;.vc_custom_1531066365975{margin-top: 32px !important;margin-bottom: 0px !important;}&#8221;]<\/p>\n<h3>David Urbano<br \/>\nFraire<\/h3>\n<p>[\/vc_column_text][vc_column_text css=&#8221;.vc_custom_1531427680725{margin-top: 0px !important;margin-bottom: 8px !important;}&#8221;]UNAM[\/vc_column_text][vc_separator color=&#8221;custom&#8221; align=&#8221;align_left&#8221; el_width=&#8221;10&#8243; accent_color=&#8221;#ceaf00&#8243; css=&#8221;.vc_custom_1531066110153{margin-top: 8px !important;}&#8221;][vc_column_text css=&#8221;.vc_custom_1531498147861{margin-top: 24px !important;margin-bottom: 0px !important;}&#8221;]\u00c1reas de pr\u00e1ctica:<br \/>\nAdministrativo, Civil y Amparo.[\/vc_column_text][vc_column_text css=&#8221;.vc_custom_1533230211677{margin-top: 24px !important;}&#8221;]<a href=\"mailto:durbano@bufetefarell.com\">durbano@bufetefarell.com<\/a>[\/vc_column_text][\/vc_column_inner][\/vc_row_inner][\/vc_column][\/vc_row][\/vc_section][vc_section full_width=&#8221;stretch_row&#8221; content_placement=&#8221;middle&#8221; css=&#8221;.vc_custom_1531065632383{margin-top: 80px !important;margin-bottom: 80px !important;padding-top: 0px !important;padding-bottom: 0px !important;}&#8221;][vc_row css=&#8221;.vc_custom_1531066637965{margin-bottom: 0px !important;padding-bottom: 0px !important;}&#8221;][vc_column css=&#8221;.vc_custom_1531066648316{margin-top: 0px !important;margin-bottom: 48px !important;border-top-width: 0px !important;padding-bottom: 0px !important;}&#8221;][vc_column_text css_animation=&#8221;fadeIn&#8221;]<\/p>\n<h2 style=\"text-align: center;\">\u00c1reas de pr\u00e1ctica<\/h2>\n<p>[\/vc_column_text][vc_separator color=&#8221;custom&#8221; el_width=&#8221;10&#8243; css_animation=&#8221;fadeIn&#8221; accent_color=&#8221;#ceaf00&#8243; css=&#8221;.vc_custom_1531183972137{margin-top: 24px !important;}&#8221;][\/vc_column][\/vc_row][vc_row equal_height=&#8221;yes&#8221; content_placement=&#8221;top&#8221; css=&#8221;.vc_custom_1531172957011{margin-top: 0px !important;padding-top: 0px !important;padding-bottom: 0px !important;}&#8221; el_id=&#8221;apractica&#8221;][vc_column width=&#8221;1\/2&#8243; css=&#8221;.vc_custom_1531172947056{margin-bottom: 48px !important;}&#8221;][vc_custom_heading text=&#8221;Un despacho multidisciplinario con abogados de alto nivel.&#8221; font_container=&#8221;tag:h2|font_size:3.5em|text_align:left|color:%23ceaf00|line_height:1.5em&#8221; google_fonts=&#8221;font_family:Playfair%20Display%3Aregular%2Citalic%2C700%2C700italic%2C900%2C900italic|font_style:400%20regular%3A400%3Anormal&#8221; css_animation=&#8221;fadeIn&#8221; css=&#8221;.vc_custom_1531182299170{padding-right: 5% !important;}&#8221;][\/vc_column][vc_column width=&#8221;1\/4&#8243;][vc_column_text]<\/p>\n<h4>Responsabilidad Civil<\/h4>\n<p>[\/vc_column_text][vc_column_text]<\/p>\n<h4>Litigio Mercantil<\/h4>\n<p>[\/vc_column_text][vc_column_text]<\/p>\n<h4>Litigio Civil<\/h4>\n<p>[\/vc_column_text][vc_column_text]<\/p>\n<h4>Propiedad Intelectual<\/h4>\n<p>[\/vc_column_text][\/vc_column][vc_column width=&#8221;1\/4&#8243;][vc_column_text]<\/p>\n<h4>Derecho Familiar<\/h4>\n<p>[\/vc_column_text][vc_column_text]<\/p>\n<h4>Amparo<\/h4>\n<p>[\/vc_column_text][vc_column_text]<\/p>\n<h4>Derecho Administrativo<\/h4>\n<p>[\/vc_column_text][\/vc_column][\/vc_row][\/vc_section][vc_section full_width=&#8221;stretch_row&#8221; content_placement=&#8221;middle&#8221; css=&#8221;.vc_custom_1531065646324{margin-top: 80px !important;margin-bottom: 80px !important;padding-top: 0px !important;padding-bottom: 0px !important;}&#8221;][vc_row equal_height=&#8221;yes&#8221; content_placement=&#8221;middle&#8221; css=&#8221;.vc_custom_1531059708673{padding-top: 8% !important;padding-bottom: 8% !important;}&#8221; el_id=&#8221;clientes&#8221;][vc_column][vc_column_text css_animation=&#8221;fadeIn&#8221;]<\/p>\n<h2 class=\"p1\" style=\"text-align: center;\">Algunos de nuestros clientes<\/h2>\n<p>[\/vc_column_text][vc_separator color=&#8221;custom&#8221; el_width=&#8221;10&#8243; css_animation=&#8221;fadeIn&#8221; accent_color=&#8221;#ceaf00&#8243; css=&#8221;.vc_custom_1531066466891{margin-top: 16px !important;margin-bottom: 48px !important;}&#8221;][\/vc_column][\/vc_row][vc_row][vc_column width=&#8221;1\/3&#8243;][vc_column_text]<\/p>\n<h4>Grupo Bal<\/h4>\n<ul>\n<li>Servicios Administrativos Pe\u00f1oles<\/li>\n<li>Minera Madero<\/li>\n<li>Minera Fresnillo<\/li>\n<li>Metal\u00fargica Met Mex Pe\u00f1oles<\/li>\n<li>Mineral Maple<\/li>\n<li>Minera Tizapa<\/li>\n<li>Fuerza E\u00f3lica<\/li>\n<li>Minera Copela<\/li>\n<\/ul>\n<p>[\/vc_column_text][\/vc_column][vc_column width=&#8221;1\/3&#8243;][vc_column_text]Discos Musart<\/p>\n<ul>\n<li>Editora Musical Musart<\/li>\n<li>Balboa Records<\/li>\n<li>EB Impresores<\/li>\n<\/ul>\n<p>Farmacia de Gen\u00e9ricos<\/p>\n<p>Farmacias el F\u00e9nix del Centro<\/p>\n<p>Farmacia de Vanguardia[\/vc_column_text][\/vc_column][vc_column width=&#8221;1\/3&#8243;][vc_column_text]Bolsa Mexicana de Valores<\/p>\n<p>SIF ICAP<\/p>\n<p>LEBANC, S.A. DE C.V.<\/p>\n<p>Inmobiliario y constructora Sierra Gorda Gamon, S.A. de C.V.<\/p>\n<p>Planeaci\u00f3n y Productos de Administraci\u00f3n Caspia[\/vc_column_text][\/vc_column][\/vc_row][\/vc_section][vc_section full_width=&#8221;stretch_row&#8221; content_placement=&#8221;middle&#8221; css=&#8221;.vc_custom_1531139630561{margin-top: 80px !important;margin-bottom: 0px !important;padding-top: 0px !important;padding-bottom: 0px !important;background-color: #191919 !important;}&#8221;][vc_row full_width=&#8221;stretch_row_content_no_spaces&#8221; gap=&#8221;35&#8243; equal_height=&#8221;yes&#8221; content_placement=&#8221;middle&#8221; css=&#8221;.vc_custom_1531059701059{margin-top: 0px !important;margin-bottom: 0px !important;padding-top: 0px !important;padding-bottom: 0px !important;}&#8221; el_id=&#8221;contacto&#8221;][vc_column width=&#8221;1\/6&#8243;][\/vc_column][vc_column width=&#8221;2\/3&#8243; css=&#8221;.vc_custom_1530734721746{padding-top: 10% !important;padding-bottom: 10% !important;}&#8221;][vc_column_text]<\/p>\n<h2 style=\"text-align: center;\">Contacto<\/h2>\n<p>[\/vc_column_text][vc_separator color=&#8221;custom&#8221; el_width=&#8221;10&#8243; accent_color=&#8221;#ceaf00&#8243;][vc_row_inner container_type=&#8221;fluid&#8221; content_placement=&#8221;middle&#8221; css=&#8221;.vc_custom_1531139117512{margin-top: 0px !important;margin-right: 0px !important;margin-bottom: 0px !important;margin-left: 0px !important;}&#8221;][vc_column_inner width=&#8221;1\/2&#8243;][vc_column_text]<\/p>\n<p style=\"text-align: center;\">Gutenberg No. 138<br \/>\nColonia Anzures,<br \/>\nDelegaci\u00f3n Miguel Hidalgo,<br \/>\nC.P. 11590, M\u00e9xico, D.F.<\/p>\n<p>[\/vc_column_text][vc_column_text]<\/p>\n<p style=\"text-align: center;\">Tel. + 52 (55) 5250-50-66<\/p>\n<p>[\/vc_column_text][\/vc_column_inner][vc_column_inner width=&#8221;1\/2&#8243;][vc_column_text]<\/p>\n<h3 style=\"text-align: center;\">Beatriz Pineda Ballinas<\/h3>\n<p style=\"text-align: center;\"><a href=\"mailto:bpineda@bufetefarell.com\">bpineda@bufetefarell.com<\/a><\/p>\n<p>[\/vc_column_text][vc_column_text]<\/p>\n<h3 style=\"text-align: center;\">Martha Laura Lucas Hern\u00e1ndez<\/h3>\n<p style=\"text-align: center;\"><a href=\"mailto:llucas@bufetefarell.com\">llucas@bufetefarell.com<\/a><\/p>\n<p>[\/vc_column_text][\/vc_column_inner][\/vc_row_inner][\/vc_column][vc_column width=&#8221;1\/6&#8243;][\/vc_column][\/vc_row][\/vc_section][vc_section full_width=&#8221;stretch_row&#8221; content_placement=&#8221;middle&#8221; css=&#8221;.vc_custom_1531140451615{margin-top: 0px !important;margin-right: 0px !important;margin-bottom: 0px !important;margin-left: 0px !important;padding-top: 0px !important;padding-right: 0px !important;padding-bottom: 0px !important;padding-left: 0px !important;background-color: #191919 !important;}&#8221;][vc_row full_width=&#8221;stretch_row_content_no_spaces&#8221; css=&#8221;.vc_custom_1531140444868{margin-top: 0px !important;margin-bottom: 0px !important;border-top-width: 0px !important;border-bottom-width: 0px !important;padding-top: 0px !important;padding-bottom: 0px !important;}&#8221;][vc_column css=&#8221;.vc_custom_1531139725162{margin: 0px !important;border-width: 0px !important;padding: 0px !important;}&#8221;][vc_gmaps link=&#8221;#E-8_JTNDaWZyYW1lJTIwc3JjJTNEJTIyaHR0cHMlM0ElMkYlMkZzbmF6enltYXBzLmNvbSUyRmVtYmVkJTJGODM0MDIlMjIlMjB3aWR0aCUzRCUyMjEwMCUyNSUyMiUyMGhlaWdodCUzRCUyMjYwMHB4JTIyJTIwc3R5bGUlM0QlMjJib3JkZXIlM0Fub25lJTNCJTIwbWFyZ2luJTNBMHB4JTNCJTIyJTNFJTNDJTJGaWZyYW1lJTNF&#8221; size=&#8221;600px&#8221; css=&#8221;.vc_custom_1531139713694{margin: 0px !important;border-width: 0px !important;padding: 0px !important;}&#8221;][\/vc_column][\/vc_row][\/vc_section][vc_row][vc_column][vc_column_text]<\/p>\n<p style=\"text-align: center;\"><a href=\"https:\/\/bufetefarell.com\/index.php\/aviso-de-privacidad\/\">AVISO DE PRIVACIDAD<\/a><\/p>\n<p>[\/vc_column_text][\/vc_column][\/vc_row]<\/p>\n<\/section>","protected":false},"excerpt":{"rendered":"<p>[vc_section full_width=&#8221;stretch_row&#8221; full_height=&#8221;yes&#8221; content_placement=&#8221;middle&#8221; css_animation=&#8221;fadeIn&#8221; css=&#8221;.vc_custom_1530836351379{padding-top: 0px !important;padding-bottom: 0px !important;background-image: url(https:\/\/bufetefarell.com\/wp-content\/uploads\/2018\/07\/oficina_bufette_farrell.jpg?id=105) !important;background-position: center !important;background-repeat: no-repeat !important;background-size: cover !important;}&#8221;][vc_row equal_height=&#8221;yes&#8221; content_placement=&#8221;middle&#8221; css=&#8221;.vc_custom_1530839702043{padding-top: 20% !important;padding-bottom: 20% !important;}&#8221;][vc_column][vc_column_text css_animation=&#8221;fadeIn&#8221;] Bufete Farell [\/vc_column_text][vc_separator color=&#8221;custom&#8221; el_width=&#8221;10&#8243; accent_color=&#8221;#ceaf00&#8243;][vc_row_inner][vc_column_inner width=&#8221;1\/6&#8243; offset=&#8221;vc_hidden-xs&#8221;][\/vc_column_inner][vc_column_inner width=&#8221;2\/3&#8243; css=&#8221;.vc_custom_1531173207325{padding-right: 2% !important;padding-left: 2% !important;}&#8221;][vc_custom_heading text=&#8221;Una de las mejores y m\u00e1s prestigiosas firmas de litigio en M\u00e9xico desde 1949.&#8221; font_container=&#8221;tag:p|font_size:1.5em|text_align:center|color:%23ffffff|line_height:2.3em&#8221;&hellip;<\/p>\n","protected":false},"author":1,"featured_media":0,"parent":0,"menu_order":0,"comment_status":"closed","ping_status":"closed","template":"","meta":{"_acf_changed":false,"inline_featured_image":false,"footnotes":""},"class_list":["post-9","page","type-page","status-publish","hentry"],"acf":[],"_links":{"self":[{"href":"https:\/\/bufetefarell.com\/index.php\/wp-json\/wp\/v2\/pages\/9","targetHints":{"allow":["GET"]}}],"collection":[{"href":"https:\/\/bufetefarell.com\/index.php\/wp-json\/wp\/v2\/pages"}],"about":[{"href":"https:\/\/bufetefarell.com\/index.php\/wp-json\/wp\/v2\/types\/page"}],"author":[{"embeddable":true,"href":"https:\/\/bufetefarell.com\/index.php\/wp-json\/wp\/v2\/users\/1"}],"replies":[{"embeddable":true,"href":"https:\/\/bufetefarell.com\/index.php\/wp-json\/wp\/v2\/comments?post=9"}],"version-history":[{"count":245,"href":"https:\/\/bufetefarell.com\/index.php\/wp-json\/wp\/v2\/pages\/9\/revisions"}],"predecessor-version":[{"id":314,"href":"https:\/\/bufetefarell.com\/index.php\/wp-json\/wp\/v2\/pages\/9\/revisions\/314"}],"wp:attachment":[{"href":"https:\/\/bufetefarell.com\/index.php\/wp-json\/wp\/v2\/media?parent=9"}],"curies":[{"name":"wp","href":"https:\/\/api.w.org\/{rel}","templated":true}]}}